{"id":3,"date":"2021-02-17T17:18:37","date_gmt":"2021-02-17T17:18:37","guid":{"rendered":"https:\/\/xn--kinderrztebrigittenau-b2b.at\/?page_id=3"},"modified":"2025-09-17T12:09:51","modified_gmt":"2025-09-17T10:09:51","slug":"datenschutz","status":"publish","type":"page","link":"https:\/\/xn--kinderrztebrigittenau-b2b.at\/?page_id=3","title":{"rendered":"Datenschutz"},"content":{"rendered":"\t\t<div data-elementor-type=\"wp-page\" data-elementor-id=\"3\" class=\"elementor elementor-3\" data-elementor-post-type=\"page\">\n\t\t\t\t\t\t<section class=\"elementor-section elementor-top-section elementor-element elementor-element-1d40d1b elementor-section-boxed elementor-section-height-default elementor-section-height-default\" data-id=\"1d40d1b\" data-element_type=\"section\" data-e-type=\"section\">\n\t\t\t\t\t\t<div class=\"elementor-container elementor-column-gap-default\">\n\t\t\t\t\t<div class=\"elementor-column elementor-col-100 elementor-top-column elementor-element elementor-element-34e5b69\" data-id=\"34e5b69\" data-element_type=\"column\" data-e-type=\"column\">\n\t\t\t<div class=\"elementor-widget-wrap elementor-element-populated\">\n\t\t\t\t\t\t<section class=\"elementor-section elementor-inner-section elementor-element elementor-element-958d01a elementor-section-boxed elementor-section-height-default elementor-section-height-default\" data-id=\"958d01a\" data-element_type=\"section\" data-e-type=\"section\">\n\t\t\t\t\t\t<div class=\"elementor-container elementor-column-gap-default\">\n\t\t\t\t\t<div class=\"elementor-column elementor-col-50 elementor-inner-column elementor-element elementor-element-1274118\" data-id=\"1274118\" data-element_type=\"column\" data-e-type=\"column\">\n\t\t\t<div class=\"elementor-widget-wrap elementor-element-populated\">\n\t\t\t\t\t\t<div class=\"elementor-element elementor-element-dba048c elementor-widget elementor-widget-image\" data-id=\"dba048c\" data-element_type=\"widget\" data-e-type=\"widget\" data-widget_type=\"image.default\">\n\t\t\t\t<div class=\"elementor-widget-container\">\n\t\t\t\t\t\t\t\t\t\t\t\t\t\t\t\t<a href=\"https:\/\/kinder\u00e4rztebrigittenau.at\/\" rel=\"noopener\">\n\t\t\t\t\t\t\t<img fetchpriority=\"high\" decoding=\"async\" width=\"1024\" height=\"394\" src=\"https:\/\/xn--kinderrztebrigittenau-b2b.at\/wp-content\/uploads\/2020\/02\/Logo_KinderaerzteBrigittenau-1024x394.png\" class=\"attachment-large size-large wp-image-5584\" alt=\"Kinder- und Jugend\u00e4rzte Brigittenau\" srcset=\"https:\/\/xn--kinderrztebrigittenau-b2b.at\/wp-content\/uploads\/2020\/02\/Logo_KinderaerzteBrigittenau-1024x394.png 1024w, https:\/\/xn--kinderrztebrigittenau-b2b.at\/wp-content\/uploads\/2020\/02\/Logo_KinderaerzteBrigittenau-300x115.png 300w, https:\/\/xn--kinderrztebrigittenau-b2b.at\/wp-content\/uploads\/2020\/02\/Logo_KinderaerzteBrigittenau-768x296.png 768w, https:\/\/xn--kinderrztebrigittenau-b2b.at\/wp-content\/uploads\/2020\/02\/Logo_KinderaerzteBrigittenau-1536x591.png 1536w, https:\/\/xn--kinderrztebrigittenau-b2b.at\/wp-content\/uploads\/2020\/02\/Logo_KinderaerzteBrigittenau-2048x788.png 2048w\" sizes=\"(max-width: 1024px) 100vw, 1024px\" \/>\t\t\t\t\t\t\t\t<\/a>\n\t\t\t\t\t\t\t\t\t\t\t\t\t\t\t<\/div>\n\t\t\t\t<\/div>\n\t\t\t\t\t<\/div>\n\t\t<\/div>\n\t\t\t\t<div class=\"elementor-column elementor-col-50 elementor-inner-column elementor-element elementor-element-ed05cae\" data-id=\"ed05cae\" data-element_type=\"column\" data-e-type=\"column\">\n\t\t\t<div class=\"elementor-widget-wrap\">\n\t\t\t\t\t\t\t<\/div>\n\t\t<\/div>\n\t\t\t\t\t<\/div>\n\t\t<\/section>\n\t\t\t\t\t<\/div>\n\t\t<\/div>\n\t\t\t\t\t<\/div>\n\t\t<\/section>\n\t\t\t\t<section class=\"elementor-section elementor-top-section elementor-element elementor-element-6d81b7d6 elementor-section-boxed elementor-section-height-default elementor-section-height-default\" data-id=\"6d81b7d6\" data-element_type=\"section\" data-e-type=\"section\">\n\t\t\t\t\t\t<div class=\"elementor-container elementor-column-gap-default\">\n\t\t\t\t\t<div class=\"elementor-column elementor-col-100 elementor-top-column elementor-element elementor-element-28aafe\" data-id=\"28aafe\" data-element_type=\"column\" data-e-type=\"column\">\n\t\t\t<div class=\"elementor-widget-wrap elementor-element-populated\">\n\t\t\t\t\t\t<div class=\"elementor-element elementor-element-2ff50e73 elementor-widget elementor-widget-text-editor\" data-id=\"2ff50e73\" data-element_type=\"widget\" data-e-type=\"widget\" data-widget_type=\"text-editor.default\">\n\t\t\t\t<div class=\"elementor-widget-container\">\n\t\t\t\t\t\t\t\t\t<h2>Datenschutz<\/h2>\n<p>Der Schutz von pers\u00f6nlichen Daten wird sehr ernst genommen und diese Webseite h\u00e4lt sich selbstverst\u00e4ndlich strikt an die Regeln der Datenschutzgesetze. Auf dieser Website werden personenbezogene Daten nur wenn Sie mit uns in Kontakt treten erhoben. In keinem Fall werden die erhobenen Daten verkauft.<\/p>\n<div class=\"entry-content clear\">\n<p>Erhobene Daten daf\u00fcr sind:&nbsp;<\/p>\n<ul>\n<li>Vorname<\/li>\n<li>Nachname<\/li>\n<li>Adresse<\/li>\n<li>PLZ&nbsp;<\/li>\n<li>Ort<\/li>\n<li>Land&nbsp;<\/li>\n<li>Telefonnummer&nbsp;<\/li>\n<li>E-Mail Adresse<\/li>\n<\/ul>\n<p>Wenn Sie mit der Speicherung Ihrer Daten zu diesem Zweck nicht einverstanden sind schreiben Sie uns bitte ein E-Mail. Ihre Daten werden dann umgehend gel\u00f6scht.&nbsp;<\/p>\n<p><strong>Daten\u00fcbermittlung und -protokollierung zu systeminternen und statistischen Zwecken<\/strong><\/p>\n<p>Diese Website erhebt und speichert automatisch in ihren Server Log Files Informationen, die Ihr Internet-Browser an uns \u00fcbermittelt. Dies sind:<\/p>\n<ul>\n<li>Uhrzeit der Serveranfrage<\/li>\n<li>verwendetes Betriebssystem<\/li>\n<li>Browsertyp\/-version<\/li>\n<li>Referrer URL&nbsp;<\/li>\n<li>IP Adresse<\/li>\n<\/ul>\n<p>Diese Daten sind nicht bestimmten Personen zuordenbar. Eine Zusammenf\u00fchrung dieser Daten mit anderen Datenquellen findet nicht statt. Die Daten werden nach einer statistischen Auswertung gel\u00f6scht.&nbsp;<\/p>\n<p><strong>Verantwortlicher<\/strong><\/p>\n<p>Verantwortlicher im Sinne der EU-Datenschutzgrundverordnung (DSGVO) ist diejenige nat\u00fcrliche oder juristische Person, die allein oder gemeinsam mit anderen \u00fcber die Zwecke und Mittel der Verarbeitung von personenbezogenen Daten entscheidet. F\u00fcr die auf dieser Website verarbeiteten personenbezogenen Daten ist Verantwortlicher im Sinne der DSGVO:&nbsp;<\/p>\n<p><\/p>\n<p><strong>Ihre Rechte<\/strong><\/p>\n<p>Bez\u00fcglich der personenbezogenen Daten, die wir \u00fcber Sie verarbeiten, stehen Ihnen die folgenden Rechte zu:<\/p>\n<p>Sie haben das Recht, von uns eine Best\u00e4tigung dar\u00fcber zu verlangen, ob wir Sie betreffende personenbezogene Daten verarbeiten. Ist dies der Fall, so teilen wir Ihnen die \u00fcber Sie gespeicherten personenbezogenen Daten und die weiteren Informationen mit.<\/p>\n<p>Sie haben das Recht, Sie betreffende unrichtige personenbezogene Daten unverz\u00fcglich berichtigen zu lassen. Unter Ber\u00fccksichtigung der Zwecke der Verarbeitung haben Sie auch das Recht, die Vervollst\u00e4ndigung unvollst\u00e4ndiger personenbezogener Daten \u2013 auch mittels einer erg\u00e4nzenden Erkl\u00e4rung \u2013 zu verlangen.<\/p>\n<p>Wir werden jede Berichtigung oder L\u00f6schung Ihrer personenbezogenen Daten und eine Einschr\u00e4nkung der Verarbeitung allen Empf\u00e4ngern mitteilen, denen wir Sie betreffende personenbezogene Daten offengelegt haben, es sei denn, dies erweist sich als unm\u00f6glich oder ist mit einem unverh\u00e4ltnism\u00e4\u00dfigen Aufwand verbunden. Wir werden Sie zudem \u00fcber diese Empf\u00e4nger unterrichten, wenn Sie dies verlangen.<\/p>\n<p>Sie haben das Recht, die personenbezogenen Daten, die Sie uns bereitgestellt haben, in einem strukturierten, g\u00e4ngigen und maschinenlesbaren Format zu erhalten, und k\u00f6nnen verlangen, dass wir diese Daten einem anderen Verantwortlichen ohne Behinderung \u00fcbermitteln, soweit dies technisch m\u00f6glich ist.<\/p>\n<p>Soweit eine Datenverarbeitung auf Ihrer Einwilligung beruht, haben Sie das Recht, Ihre Einwilligung jederzeit zu widerrufen. Durch den Widerruf der Einwilligung wird die Rechtm\u00e4\u00dfigkeit der Datenverarbeitung, die bis zu Ihrem Widerruf erfolgt ist, nicht ber\u00fchrt.<\/p>\n<p><strong>Widerspruchsrecht<\/strong><\/p>\n<p>Wenn Sie Ihr Widerspruchsrecht aus\u00fcben, werden wir die betreffenden Daten nicht mehr verarbeiten, es sei denn, dass wir zwingende schutzw\u00fcrdige Gr\u00fcnde f\u00fcr die Verarbeitung nachweisen k\u00f6nnen, die die Interessen, Rechte und Freiheiten von Ihnen \u00fcberwiegen, oder dass die Verarbeitung der Geltendmachung, Aus\u00fcbung oder Verteidigung von Rechtsanspr\u00fcchen dient.<\/p>\n<p><strong>Social Media<\/strong><\/p>\n<p>Auf unserer Website k\u00f6nnen Social-Media-Buttons eingeblendet sein; sie sind an den Logos der Social-Media-Plattformen zu erkennen. Es handelt sich dabei um Links zu den jeweiligen Plattformen. Ein Klick auf einen solchen Link ruft die Internetseite der jeweiligen Plattform auf, wobei die IP-Adresse des aufrufenden Endger\u00e4ts sowie die Adresse der Seite, von der aus verlinkt wird, an die aufgerufene Plattform in die USA \u00fcbermittelt werden. Von uns selbst werden im Zusammenhang mit den Social-Media-Buttons jedoch keine Daten erhoben oder verarbeitet.<\/p>\n<p><strong>Auftragsverarbeiter<\/strong><\/p>\n<p>Zur Unterst\u00fctzung unserer Warenwirtschaft (Auftragsverwaltung, Rechnungsstellung, Buchhaltung, Lieferung und ggf. Retourenbearbeitung) nutzen wir die Dienste von Paypal und Sofort, an die wir Daten zur Auftragsverarbeitung \u00fcbermitteln.<\/p>\n<p>Als technisch nehmen wir f\u00fcr den Betrieb unserer Webseite im Internet die Leistungen von WordPress und WooCommerce als Auftragsverarbeiter in Anspruch.&nbsp;<\/p>\n<p><strong>Nutzung von Cookies<\/strong><\/p>\n<p>Wenn Sie unsere Website besuchen, legen wir ein \u201eCookie\u201c auf Ihrem Endger\u00e4t ab. Dabei handelt es sich um eine kleine Textdatei, mit der wir Ihr Endger\u00e4t wiedererkennen k\u00f6nnen. Mit Hilfe des Cookies k\u00f6nnen wir auch bestimmte Nutzerverhalten analysieren, z. B., welche Seiten Sie sich anschauen, wie lange Sie auf unserer Seite bleiben und wann und wie oft Sie auf unsere Website zur\u00fcckkehren.&nbsp;<\/p>\n<p>Sie k\u00f6nnen das Anlegen von Cookies verhindern, indem Sie in die Cookie-Einstellungen Ihres Internetbrowsers gehen und dort f\u00fcr unsere Seite oder f\u00fcr alle Webseiten dem Anlegen von Cookies widersprechen. Dort k\u00f6nnen Sie auch bereits abgelegte Cookies wieder l\u00f6schen.<\/p>\n<\/div>\t\t\t\t\t\t\t\t<\/div>\n\t\t\t\t<\/div>\n\t\t\t\t\t<\/div>\n\t\t<\/div>\n\t\t\t\t\t<\/div>\n\t\t<\/section>\n\t\t\t\t<section class=\"elementor-section elementor-top-section elementor-element elementor-element-3d8c051 elementor-section-boxed elementor-section-height-default elementor-section-height-default\" data-id=\"3d8c051\" data-element_type=\"section\" data-e-type=\"section\">\n\t\t\t\t\t\t<div class=\"elementor-container elementor-column-gap-default\">\n\t\t\t\t\t<div class=\"elementor-column elementor-col-100 elementor-top-column elementor-element elementor-element-9a3297d\" data-id=\"9a3297d\" data-element_type=\"column\" data-e-type=\"column\">\n\t\t\t<div class=\"elementor-widget-wrap elementor-element-populated\">\n\t\t\t\t\t\t<div class=\"elementor-element elementor-element-2d21364 elementor-widget elementor-widget-spacer\" data-id=\"2d21364\" data-element_type=\"widget\" data-e-type=\"widget\" data-widget_type=\"spacer.default\">\n\t\t\t\t<div class=\"elementor-widget-container\">\n\t\t\t\t\t\t\t<div class=\"elementor-spacer\">\n\t\t\t<div class=\"elementor-spacer-inner\"><\/div>\n\t\t<\/div>\n\t\t\t\t\t\t<\/div>\n\t\t\t\t<\/div>\n\t\t\t\t\t<\/div>\n\t\t<\/div>\n\t\t\t\t\t<\/div>\n\t\t<\/section>\n\t\t\t\t<\/div>\n\t\t","protected":false},"excerpt":{"rendered":"<p>Datenschutz Der Schutz von pers\u00f6nlichen Daten wird sehr ernst genommen und diese Webseite h\u00e4lt sich selbstverst\u00e4ndlich strikt an die Regeln der Datenschutzgesetze. Auf dieser Website werden personenbezogene Daten nur wenn Sie mit uns in Kontakt treten erhoben. In keinem Fall werden die erhobenen Daten verkauft. Erhobene Daten daf\u00fcr sind:&nbsp; Vorname Nachname Adresse PLZ&nbsp; Ort Land&nbsp; [&hellip;]<\/p>\n","protected":false},"author":1,"featured_media":0,"parent":0,"menu_order":0,"comment_status":"closed","ping_status":"closed","template":"elementor_header_footer","meta":{"site-sidebar-layout":"default","site-content-layout":"","ast-site-content-layout":"default","site-content-style":"default","site-sidebar-style":"default","ast-global-header-display":"","ast-banner-title-visibility":"","ast-main-header-display":"","ast-hfb-above-header-display":"","ast-hfb-below-header-display":"","ast-hfb-mobile-header-display":"","site-post-title":"","ast-breadcrumbs-content":"","ast-featured-img":"","footer-sml-layout":"","ast-disable-related-posts":"","theme-transparent-header-meta":"default","adv-header-id-meta":"","stick-header-meta":"default","header-above-stick-meta":"","header-main-stick-meta":"","header-below-stick-meta":"","astra-migrate-meta-layouts":"set","ast-page-background-enabled":"default","ast-page-background-meta":{"desktop":{"background-color":"","background-image":"","background-repeat":"repeat","background-position":"center center","background-size":"auto","background-attachment":"scroll","background-type":"","background-media":"","overlay-type":"","overlay-color":"","overlay-opacity":"","overlay-gradient":""},"tablet":{"background-color":"","background-image":"","background-repeat":"repeat","background-position":"center center","background-size":"auto","background-attachment":"scroll","background-type":"","background-media":"","overlay-type":"","overlay-color":"","overlay-opacity":"","overlay-gradient":""},"mobile":{"background-color":"","background-image":"","background-repeat":"repeat","background-position":"center center","background-size":"auto","background-attachment":"scroll","background-type":"","background-media":"","overlay-type":"","overlay-color":"","overlay-opacity":"","overlay-gradient":""}},"ast-content-background-meta":{"desktop":{"background-color":"var(--ast-global-color-5)","background-image":"","background-repeat":"repeat","background-position":"center center","background-size":"auto","background-attachment":"scroll","background-type":"","background-media":"","overlay-type":"","overlay-color":"","overlay-opacity":"","overlay-gradient":""},"tablet":{"background-color":"var(--ast-global-color-5)","background-image":"","background-repeat":"repeat","background-position":"center center","background-size":"auto","background-attachment":"scroll","background-type":"","background-media":"","overlay-type":"","overlay-color":"","overlay-opacity":"","overlay-gradient":""},"mobile":{"background-color":"var(--ast-global-color-5)","background-image":"","background-repeat":"repeat","background-position":"center center","background-size":"auto","background-attachment":"scroll","background-type":"","background-media":"","overlay-type":"","overlay-color":"","overlay-opacity":"","overlay-gradient":""}},"footnotes":""},"class_list":["post-3","page","type-page","status-publish","hentry"],"_links":{"self":[{"href":"https:\/\/xn--kinderrztebrigittenau-b2b.at\/index.php?rest_route=\/wp\/v2\/pages\/3","targetHints":{"allow":["GET"]}}],"collection":[{"href":"https:\/\/xn--kinderrztebrigittenau-b2b.at\/index.php?rest_route=\/wp\/v2\/pages"}],"about":[{"href":"https:\/\/xn--kinderrztebrigittenau-b2b.at\/index.php?rest_route=\/wp\/v2\/types\/page"}],"author":[{"embeddable":true,"href":"https:\/\/xn--kinderrztebrigittenau-b2b.at\/index.php?rest_route=\/wp\/v2\/users\/1"}],"replies":[{"embeddable":true,"href":"https:\/\/xn--kinderrztebrigittenau-b2b.at\/index.php?rest_route=%2Fwp%2Fv2%2Fcomments&post=3"}],"version-history":[{"count":17,"href":"https:\/\/xn--kinderrztebrigittenau-b2b.at\/index.php?rest_route=\/wp\/v2\/pages\/3\/revisions"}],"predecessor-version":[{"id":5727,"href":"https:\/\/xn--kinderrztebrigittenau-b2b.at\/index.php?rest_route=\/wp\/v2\/pages\/3\/revisions\/5727"}],"wp:attachment":[{"href":"https:\/\/xn--kinderrztebrigittenau-b2b.at\/index.php?rest_route=%2Fwp%2Fv2%2Fmedia&parent=3"}],"curies":[{"name":"wp","href":"https:\/\/api.w.org\/{rel}","templated":true}]}}